{"id":8,"date":"2019-09-07T15:34:53","date_gmt":"2019-09-07T13:34:53","guid":{"rendered":"http:\/\/malowanieremonty.pl\/?page_id=8"},"modified":"2020-02-10T21:22:28","modified_gmt":"2020-02-10T20:22:28","slug":"remonty-i-wykonczenia","status":"publish","type":"page","link":"https:\/\/malowanieremonty.pl\/index.php\/remonty-i-wykonczenia\/","title":{"rendered":"O firmie"},"content":{"rendered":"\n<h4 class=\"wp-block-heading\">Remonty i wyko\u0144czenia (Warszawa i woj. mazowieckie)<\/h4>\n\n\n\n<div class=\"wp-block-image\"><figure class=\"aligncenter is-resized\"><img loading=\"lazy\" decoding=\"async\" src=\"https:\/\/malowanieremonty.pl\/wp-content\/uploads\/2019\/09\/Untitled-3.png\" alt=\"nag\u0142\u00f3wek\" class=\"wp-image-42\" width=\"310\" height=\"213\"\/><\/figure><\/div>\n\n\n\n<p> Pragn\u0119 przedstawi\u0107 Pa\u0144stwu ofert\u0119 mojej firmy remontowo-malarskiej, kt\u00f3ra oferuje&nbsp;<em>us\u0142ugi remontowe<\/em>&nbsp;oraz&nbsp;<strong>wyko\u0144czenia<\/strong>&nbsp;wn\u0119trz na terenie&nbsp;<em>Warszawy<\/em>&nbsp;oraz&nbsp; woj. mazowieckiego. Swoj\u0105 ofert\u0119 kieruj\u0119 do firm, instytucji oraz os\u00f3b prywatnych z ca\u0142ego wojew\u00f3dztwa. Podejmuje si\u0119 zlece\u0144 kr\u00f3tko- oraz d\u0142ugoterminowych; tych o mniejszym jak i wi\u0119kszym zakresie prac remontowych.&nbsp;<\/p>\n\n\n\n<p> Moimi&nbsp;<strong>dotychczasowymi klientami<\/strong>&nbsp;byli mieszka\u0144cy warszawskich kawalerek, apartament\u00f3w oraz willi.<\/p>\n\n\n\n<h4 class=\"wp-block-heading\"><strong>Moja oferta remontowo-wyko\u0144czeniowa obejmuje przede wszystkim:<\/strong><\/h4>\n\n\n\n<ul class=\"wp-block-list\"><li> <strong>Us\u0142ugi remontowe<\/strong>&nbsp;w zakresie:&nbsp;malowanie&nbsp;(dach\u00f3w, elewacji, \u015bcian, grzejnik\u00f3w, drzwi i in.)&nbsp;tapetowanie,&nbsp;g\u0142adzie gipsowe, tworzenie&nbsp;<strong>podwieszanych sufit\u00f3w<\/strong>&nbsp;czy&nbsp;<strong>\u015bcianek dzia\u0142owych<\/strong>&nbsp;z p\u0142yt kartonowo gipsowych oraz inne prace wyko\u0144czeniowe.&nbsp; Us\u0142ugi te z powodzeniem prowadz\u0119 od&nbsp; wielu lat na&nbsp; terenie m.st.&nbsp;<strong>Warszawa<\/strong>&nbsp;i&nbsp; okolic, <\/li><li> Pomoc w wyborze i zakupie materia\u0142\u00f3w. <\/li><\/ul>\n\n\n\n<h5 class=\"wp-block-heading\"> <strong>Spos\u00f3b w jaki pracuj\u0119: Rekomendacje -&gt; Kosztorys -&gt; Fachowa obs\u0142uga<\/strong>.<\/h5>\n\n\n\n<h5 class=\"wp-block-heading\"> &nbsp;<strong>Zapraszam do odwiedzenia pozosta\u0142ych stron, gdzie mo\u017cna zapozna\u0107 si\u0119 z:<\/strong><\/h5>\n\n\n\n<ul class=\"wp-block-list\"><li><a href=\"https:\/\/malowanieremonty.pl\/index.php\/galeria\/\"> Galeri\u0105 zdj\u0119\u0107, <\/a><\/li><li> <a href=\"https:\/\/malowanieremonty.pl\/index.php\/cennik\/\">Cennikiem<\/a>, <\/li><li><a href=\"https:\/\/malowanieremonty.pl\/index.php\/kontakt\/\"> Map\u0105 z dojazdem do firmy. <\/a><\/li><\/ul>\n\n\n\n<h4 class=\"wp-block-heading\">\n&nbsp;<strong>Zach\u0119cam\ndo korzystania z moich us\u0142ug remontowo-wyko\u0144czeniowych.<\/strong><\/h4>\n\n\n\n<p><\/p>\n","protected":false},"excerpt":{"rendered":"<p>Remonty i wyko\u0144czenia (Warszawa i woj. mazowieckie) Pragn\u0119 przedstawi\u0107 Pa\u0144stwu ofert\u0119 mojej firmy remontowo-malarskiej, kt\u00f3ra oferuje&nbsp;us\u0142ugi remontowe&nbsp;oraz&nbsp;wyko\u0144czenia&nbsp;wn\u0119trz na terenie&nbsp;Warszawy&nbsp;oraz&nbsp; woj. mazowieckiego. Swoj\u0105 ofert\u0119 kieruj\u0119 do firm, instytucji oraz os\u00f3b prywatnych z ca\u0142ego wojew\u00f3dztwa. Podejmuje si\u0119 zlece\u0144 kr\u00f3tko- oraz d\u0142ugoterminowych; tych o mniejszym jak i wi\u0119kszym zakresie prac remontowych.&nbsp; Moimi&nbsp;dotychczasowymi klientami&nbsp;byli mieszka\u0144cy warszawskich kawalerek, apartament\u00f3w oraz<a class=\"moretag\" href=\"https:\/\/malowanieremonty.pl\/index.php\/remonty-i-wykonczenia\/\"><span class=\"screen-reader-text\">Wi\u0119cej oO firmie<\/span>[&#8230;]<\/a><\/p>\n","protected":false},"author":1,"featured_media":0,"parent":0,"menu_order":0,"comment_status":"closed","ping_status":"closed","template":"","meta":{"footnotes":""},"class_list":["post-8","page","type-page","status-publish","hentry"],"yoast_head":"<!-- This site is optimized with the Yoast SEO plugin v27.4 - https:\/\/yoast.com\/product\/yoast-seo-wordpress\/ -->\n<title>O firmie - Us\u0142ugi Remontowe<\/title>\n<meta name=\"robots\" content=\"index, follow, max-snippet:-1, max-image-preview:large, max-video-preview:-1\" \/>\n<link rel=\"canonical\" href=\"https:\/\/malowanieremonty.pl\/index.php\/remonty-i-wykonczenia\/\" \/>\n<meta property=\"og:locale\" content=\"pl_PL\" \/>\n<meta property=\"og:type\" content=\"article\" \/>\n<meta property=\"og:title\" content=\"O firmie - Us\u0142ugi Remontowe\" \/>\n<meta property=\"og:description\" content=\"Remonty i wyko\u0144czenia (Warszawa i woj. mazowieckie) Pragn\u0119 przedstawi\u0107 Pa\u0144stwu ofert\u0119 mojej firmy remontowo-malarskiej, kt\u00f3ra oferuje&nbsp;us\u0142ugi remontowe&nbsp;oraz&nbsp;wyko\u0144czenia&nbsp;wn\u0119trz na terenie&nbsp;Warszawy&nbsp;oraz&nbsp; woj. mazowieckiego. Swoj\u0105 ofert\u0119 kieruj\u0119 do firm, instytucji oraz os\u00f3b prywatnych z ca\u0142ego wojew\u00f3dztwa. Podejmuje si\u0119 zlece\u0144 kr\u00f3tko- oraz d\u0142ugoterminowych; tych o mniejszym jak i wi\u0119kszym zakresie prac remontowych.&nbsp; Moimi&nbsp;dotychczasowymi klientami&nbsp;byli mieszka\u0144cy warszawskich kawalerek, apartament\u00f3w orazWi\u0119cej oO firmie[...]\" \/>\n<meta property=\"og:url\" content=\"https:\/\/malowanieremonty.pl\/index.php\/remonty-i-wykonczenia\/\" \/>\n<meta property=\"og:site_name\" content=\"Us\u0142ugi Remontowe\" \/>\n<meta property=\"article:modified_time\" content=\"2020-02-10T20:22:28+00:00\" \/>\n<meta property=\"og:image\" content=\"http:\/\/malowanieremonty.pl\/wp-content\/uploads\/2019\/09\/Untitled-3.png\" \/>\n<meta name=\"twitter:card\" content=\"summary_large_image\" \/>\n<meta name=\"twitter:label1\" content=\"Szacowany czas czytania\" \/>\n\t<meta name=\"twitter:data1\" content=\"1 minuta\" \/>\n<script type=\"application\/ld+json\" class=\"yoast-schema-graph\">{\"@context\":\"https:\\\/\\\/schema.org\",\"@graph\":[{\"@type\":\"WebPage\",\"@id\":\"https:\\\/\\\/malowanieremonty.pl\\\/index.php\\\/remonty-i-wykonczenia\\\/\",\"url\":\"https:\\\/\\\/malowanieremonty.pl\\\/index.php\\\/remonty-i-wykonczenia\\\/\",\"name\":\"O firmie - Us\u0142ugi Remontowe\",\"isPartOf\":{\"@id\":\"https:\\\/\\\/malowanieremonty.pl\\\/#website\"},\"primaryImageOfPage\":{\"@id\":\"https:\\\/\\\/malowanieremonty.pl\\\/index.php\\\/remonty-i-wykonczenia\\\/#primaryimage\"},\"image\":{\"@id\":\"https:\\\/\\\/malowanieremonty.pl\\\/index.php\\\/remonty-i-wykonczenia\\\/#primaryimage\"},\"thumbnailUrl\":\"http:\\\/\\\/malowanieremonty.pl\\\/wp-content\\\/uploads\\\/2019\\\/09\\\/Untitled-3.png\",\"datePublished\":\"2019-09-07T13:34:53+00:00\",\"dateModified\":\"2020-02-10T20:22:28+00:00\",\"breadcrumb\":{\"@id\":\"https:\\\/\\\/malowanieremonty.pl\\\/index.php\\\/remonty-i-wykonczenia\\\/#breadcrumb\"},\"inLanguage\":\"pl-PL\",\"potentialAction\":[{\"@type\":\"ReadAction\",\"target\":[\"https:\\\/\\\/malowanieremonty.pl\\\/index.php\\\/remonty-i-wykonczenia\\\/\"]}]},{\"@type\":\"ImageObject\",\"inLanguage\":\"pl-PL\",\"@id\":\"https:\\\/\\\/malowanieremonty.pl\\\/index.php\\\/remonty-i-wykonczenia\\\/#primaryimage\",\"url\":\"https:\\\/\\\/malowanieremonty.pl\\\/wp-content\\\/uploads\\\/2019\\\/09\\\/Untitled-3.png\",\"contentUrl\":\"https:\\\/\\\/malowanieremonty.pl\\\/wp-content\\\/uploads\\\/2019\\\/09\\\/Untitled-3.png\",\"width\":218,\"height\":150,\"caption\":\"nag\u0142\u00f3wek\"},{\"@type\":\"BreadcrumbList\",\"@id\":\"https:\\\/\\\/malowanieremonty.pl\\\/index.php\\\/remonty-i-wykonczenia\\\/#breadcrumb\",\"itemListElement\":[{\"@type\":\"ListItem\",\"position\":1,\"name\":\"Strona g\u0142\u00f3wna\",\"item\":\"https:\\\/\\\/malowanieremonty.pl\\\/\"},{\"@type\":\"ListItem\",\"position\":2,\"name\":\"O firmie\"}]},{\"@type\":\"WebSite\",\"@id\":\"https:\\\/\\\/malowanieremonty.pl\\\/#website\",\"url\":\"https:\\\/\\\/malowanieremonty.pl\\\/\",\"name\":\"Us\u0142ugi Remontowe\",\"description\":\"Remonty - Malowanie, Tapetowanie...\",\"potentialAction\":[{\"@type\":\"SearchAction\",\"target\":{\"@type\":\"EntryPoint\",\"urlTemplate\":\"https:\\\/\\\/malowanieremonty.pl\\\/?s={search_term_string}\"},\"query-input\":{\"@type\":\"PropertyValueSpecification\",\"valueRequired\":true,\"valueName\":\"search_term_string\"}}],\"inLanguage\":\"pl-PL\"}]}<\/script>\n<!-- \/ Yoast SEO plugin. -->","yoast_head_json":{"title":"O firmie - Us\u0142ugi Remontowe","robots":{"index":"index","follow":"follow","max-snippet":"max-snippet:-1","max-image-preview":"max-image-preview:large","max-video-preview":"max-video-preview:-1"},"canonical":"https:\/\/malowanieremonty.pl\/index.php\/remonty-i-wykonczenia\/","og_locale":"pl_PL","og_type":"article","og_title":"O firmie - Us\u0142ugi Remontowe","og_description":"Remonty i wyko\u0144czenia (Warszawa i woj. mazowieckie) Pragn\u0119 przedstawi\u0107 Pa\u0144stwu ofert\u0119 mojej firmy remontowo-malarskiej, kt\u00f3ra oferuje&nbsp;us\u0142ugi remontowe&nbsp;oraz&nbsp;wyko\u0144czenia&nbsp;wn\u0119trz na terenie&nbsp;Warszawy&nbsp;oraz&nbsp; woj. mazowieckiego. Swoj\u0105 ofert\u0119 kieruj\u0119 do firm, instytucji oraz os\u00f3b prywatnych z ca\u0142ego wojew\u00f3dztwa. Podejmuje si\u0119 zlece\u0144 kr\u00f3tko- oraz d\u0142ugoterminowych; tych o mniejszym jak i wi\u0119kszym zakresie prac remontowych.&nbsp; Moimi&nbsp;dotychczasowymi klientami&nbsp;byli mieszka\u0144cy warszawskich kawalerek, apartament\u00f3w orazWi\u0119cej oO firmie[...]","og_url":"https:\/\/malowanieremonty.pl\/index.php\/remonty-i-wykonczenia\/","og_site_name":"Us\u0142ugi Remontowe","article_modified_time":"2020-02-10T20:22:28+00:00","og_image":[{"url":"http:\/\/malowanieremonty.pl\/wp-content\/uploads\/2019\/09\/Untitled-3.png","type":"","width":"","height":""}],"twitter_card":"summary_large_image","twitter_misc":{"Szacowany czas czytania":"1 minuta"},"schema":{"@context":"https:\/\/schema.org","@graph":[{"@type":"WebPage","@id":"https:\/\/malowanieremonty.pl\/index.php\/remonty-i-wykonczenia\/","url":"https:\/\/malowanieremonty.pl\/index.php\/remonty-i-wykonczenia\/","name":"O firmie - Us\u0142ugi Remontowe","isPartOf":{"@id":"https:\/\/malowanieremonty.pl\/#website"},"primaryImageOfPage":{"@id":"https:\/\/malowanieremonty.pl\/index.php\/remonty-i-wykonczenia\/#primaryimage"},"image":{"@id":"https:\/\/malowanieremonty.pl\/index.php\/remonty-i-wykonczenia\/#primaryimage"},"thumbnailUrl":"http:\/\/malowanieremonty.pl\/wp-content\/uploads\/2019\/09\/Untitled-3.png","datePublished":"2019-09-07T13:34:53+00:00","dateModified":"2020-02-10T20:22:28+00:00","breadcrumb":{"@id":"https:\/\/malowanieremonty.pl\/index.php\/remonty-i-wykonczenia\/#breadcrumb"},"inLanguage":"pl-PL","potentialAction":[{"@type":"ReadAction","target":["https:\/\/malowanieremonty.pl\/index.php\/remonty-i-wykonczenia\/"]}]},{"@type":"ImageObject","inLanguage":"pl-PL","@id":"https:\/\/malowanieremonty.pl\/index.php\/remonty-i-wykonczenia\/#primaryimage","url":"https:\/\/malowanieremonty.pl\/wp-content\/uploads\/2019\/09\/Untitled-3.png","contentUrl":"https:\/\/malowanieremonty.pl\/wp-content\/uploads\/2019\/09\/Untitled-3.png","width":218,"height":150,"caption":"nag\u0142\u00f3wek"},{"@type":"BreadcrumbList","@id":"https:\/\/malowanieremonty.pl\/index.php\/remonty-i-wykonczenia\/#breadcrumb","itemListElement":[{"@type":"ListItem","position":1,"name":"Strona g\u0142\u00f3wna","item":"https:\/\/malowanieremonty.pl\/"},{"@type":"ListItem","position":2,"name":"O firmie"}]},{"@type":"WebSite","@id":"https:\/\/malowanieremonty.pl\/#website","url":"https:\/\/malowanieremonty.pl\/","name":"Us\u0142ugi Remontowe","description":"Remonty - Malowanie, Tapetowanie...","potentialAction":[{"@type":"SearchAction","target":{"@type":"EntryPoint","urlTemplate":"https:\/\/malowanieremonty.pl\/?s={search_term_string}"},"query-input":{"@type":"PropertyValueSpecification","valueRequired":true,"valueName":"search_term_string"}}],"inLanguage":"pl-PL"}]}},"_links":{"self":[{"href":"https:\/\/malowanieremonty.pl\/index.php\/wp-json\/wp\/v2\/pages\/8","targetHints":{"allow":["GET"]}}],"collection":[{"href":"https:\/\/malowanieremonty.pl\/index.php\/wp-json\/wp\/v2\/pages"}],"about":[{"href":"https:\/\/malowanieremonty.pl\/index.php\/wp-json\/wp\/v2\/types\/page"}],"author":[{"embeddable":true,"href":"https:\/\/malowanieremonty.pl\/index.php\/wp-json\/wp\/v2\/users\/1"}],"replies":[{"embeddable":true,"href":"https:\/\/malowanieremonty.pl\/index.php\/wp-json\/wp\/v2\/comments?post=8"}],"version-history":[{"count":15,"href":"https:\/\/malowanieremonty.pl\/index.php\/wp-json\/wp\/v2\/pages\/8\/revisions"}],"predecessor-version":[{"id":296,"href":"https:\/\/malowanieremonty.pl\/index.php\/wp-json\/wp\/v2\/pages\/8\/revisions\/296"}],"wp:attachment":[{"href":"https:\/\/malowanieremonty.pl\/index.php\/wp-json\/wp\/v2\/media?parent=8"}],"curies":[{"name":"wp","href":"https:\/\/api.w.org\/{rel}","templated":true}]}}