{"id":190,"date":"2019-09-07T20:58:50","date_gmt":"2019-09-07T18:58:50","guid":{"rendered":"http:\/\/malowanieremonty.pl\/?page_id=190"},"modified":"2019-09-18T22:20:39","modified_gmt":"2019-09-18T20:20:39","slug":"malowanie-scian-warszawa","status":"publish","type":"page","link":"https:\/\/malowanieremonty.pl\/index.php\/malowanie-scian-warszawa\/","title":{"rendered":"Malowanie \u015bcian Warszawa"},"content":{"rendered":"\n<div class=\"wp-block-image\"><figure class=\"alignleft is-resized\"><img loading=\"lazy\" decoding=\"async\" src=\"https:\/\/malowanieremonty.pl\/wp-content\/uploads\/2019\/09\/malowanie-scian-warszawa-51235059.jpg\" alt=\"\" class=\"wp-image-37\" width=\"240\" height=\"359\" srcset=\"https:\/\/malowanieremonty.pl\/wp-content\/uploads\/2019\/09\/malowanie-scian-warszawa-51235059.jpg 283w, https:\/\/malowanieremonty.pl\/wp-content\/uploads\/2019\/09\/malowanie-scian-warszawa-51235059-200x300.jpg 200w\" sizes=\"auto, (max-width: 240px) 100vw, 240px\" \/><\/figure><\/div>\n\n\n\n<p> Oferuj\u0119 kompleksowe&nbsp;<strong>us\u0142ugi malarskie<\/strong>&nbsp;w m.st.&nbsp;<em>Warszawa<\/em>&nbsp;oraz wojew\u00f3dztwie mazowieckim ka\u017cde zlecenie staram si\u0119 wykona\u0107, zgodnie z wymaganiami&nbsp; i oczekiwaniami&nbsp; klienta<\/p>\n\n\n\n<p> Ostateczny efekt realizacji prac&nbsp;remontowo- malarskich&nbsp;zale\u017cy g\u0142\u00f3wnie od:<\/p>\n\n\n\n<ul class=\"wp-block-list\"><li>\n\trodzaju&nbsp;<strong>farb<\/strong>\n\t<\/li><li>\n\tproducenta&nbsp;<strong>farb<\/strong>\n\t<\/li><li>\n\tale\n\ttak\u017ce wyboru firmy, kt\u00f3ra wykona&nbsp;<strong>malowanie\n\t\u015bcian- Warszawa.<\/strong>\n<\/li><\/ul>\n\n\n\n<p> Oferuj\u0119&nbsp;<strong>malowanie tradycyjne<\/strong>&nbsp;oraz&nbsp;<strong>natryskowe<\/strong>&nbsp;agregatem hydrodynamicznym. Wi\u0119cej na temat&nbsp;malowania natryskowego&nbsp;mo\u017cna dowiedzie\u0107 si\u0119 odwiedzaj\u0105c nasze kolejne podstrony.<\/p>\n\n\n\n<h4 class=\"wp-block-heading\"> <strong>Malarz Warszawa oferuje us\u0142ugi malarskie:<\/strong><\/h4>\n\n\n\n<div class=\"wp-block-image\"><figure class=\"alignright is-resized\"><img loading=\"lazy\" decoding=\"async\" src=\"https:\/\/malowanieremonty.pl\/wp-content\/uploads\/2019\/09\/plik4f313e2100887.jpg\" alt=\"malowanie \u015bcian\" class=\"wp-image-241\" width=\"224\" height=\"213\" srcset=\"https:\/\/malowanieremonty.pl\/wp-content\/uploads\/2019\/09\/plik4f313e2100887.jpg 526w, https:\/\/malowanieremonty.pl\/wp-content\/uploads\/2019\/09\/plik4f313e2100887-300x285.jpg 300w, https:\/\/malowanieremonty.pl\/wp-content\/uploads\/2019\/09\/plik4f313e2100887-500x475.jpg 500w\" sizes=\"auto, (max-width: 224px) 100vw, 224px\" \/><\/figure><\/div>\n\n\n\n<ul class=\"wp-block-list\"><li>\n\t<strong>Mieszka\u0144,\n\tdom\u00f3w<\/strong>,\n\tobiekt\u00f3w biurowych\n\t<\/li><li>\n\tRenowacja,\n\tmalowanie stolarki, drzwi i okna\n\t<\/li><li>\n\t<strong>Natryskowe\n\tmalowanie dach\u00f3w&nbsp;<\/strong>oraz\n\tmalowanie ogrodze\u0144 i hal\n\t<\/li><li>\n\tKonserwacja\n\telewacji budynk\u00f3w,&nbsp; i konstrukcji stalowych\n<\/li><\/ul>\n\n\n\n<h3 class=\"wp-block-heading\">\n<strong>A ponadto:<\/strong><\/h3>\n\n\n\n<ul class=\"wp-block-list\"><li>\n\t<strong>Mycie\n\tdach\u00f3w<\/strong>,\n\timpregnacja dach\u00f3wek\n<\/li><\/ul>\n","protected":false},"excerpt":{"rendered":"<p>Oferuj\u0119 kompleksowe&nbsp;us\u0142ugi malarskie&nbsp;w m.st.&nbsp;Warszawa&nbsp;oraz wojew\u00f3dztwie mazowieckim ka\u017cde zlecenie staram si\u0119 wykona\u0107, zgodnie z wymaganiami&nbsp; i oczekiwaniami&nbsp; klienta Ostateczny efekt realizacji prac&nbsp;remontowo- malarskich&nbsp;zale\u017cy g\u0142\u00f3wnie od: rodzaju&nbsp;farb producenta&nbsp;farb ale tak\u017ce wyboru firmy, kt\u00f3ra wykona&nbsp;malowanie \u015bcian- Warszawa. Oferuj\u0119&nbsp;malowanie tradycyjne&nbsp;oraz&nbsp;natryskowe&nbsp;agregatem hydrodynamicznym. Wi\u0119cej na temat&nbsp;malowania natryskowego&nbsp;mo\u017cna dowiedzie\u0107 si\u0119 odwiedzaj\u0105c nasze kolejne podstrony. Malarz Warszawa oferuje us\u0142ugi malarskie: Mieszka\u0144, dom\u00f3w, obiekt\u00f3w<a class=\"moretag\" href=\"https:\/\/malowanieremonty.pl\/index.php\/malowanie-scian-warszawa\/\"><span class=\"screen-reader-text\">Wi\u0119cej oMalowanie \u015bcian Warszawa<\/span>[&#8230;]<\/a><\/p>\n","protected":false},"author":1,"featured_media":0,"parent":0,"menu_order":0,"comment_status":"closed","ping_status":"closed","template":"","meta":{"footnotes":""},"class_list":["post-190","page","type-page","status-publish","hentry"],"yoast_head":"<!-- This site is optimized with the Yoast SEO plugin v27.4 - https:\/\/yoast.com\/product\/yoast-seo-wordpress\/ -->\n<title>Malowanie \u015bcian Warszawa - Us\u0142ugi Remontowe<\/title>\n<meta name=\"robots\" content=\"index, follow, max-snippet:-1, max-image-preview:large, max-video-preview:-1\" \/>\n<link rel=\"canonical\" href=\"https:\/\/malowanieremonty.pl\/index.php\/malowanie-scian-warszawa\/\" \/>\n<meta property=\"og:locale\" content=\"pl_PL\" \/>\n<meta property=\"og:type\" content=\"article\" \/>\n<meta property=\"og:title\" content=\"Malowanie \u015bcian Warszawa - Us\u0142ugi Remontowe\" \/>\n<meta property=\"og:description\" content=\"Oferuj\u0119 kompleksowe&nbsp;us\u0142ugi malarskie&nbsp;w m.st.&nbsp;Warszawa&nbsp;oraz wojew\u00f3dztwie mazowieckim ka\u017cde zlecenie staram si\u0119 wykona\u0107, zgodnie z wymaganiami&nbsp; i oczekiwaniami&nbsp; klienta Ostateczny efekt realizacji prac&nbsp;remontowo- malarskich&nbsp;zale\u017cy g\u0142\u00f3wnie od: rodzaju&nbsp;farb producenta&nbsp;farb ale tak\u017ce wyboru firmy, kt\u00f3ra wykona&nbsp;malowanie \u015bcian- Warszawa. Oferuj\u0119&nbsp;malowanie tradycyjne&nbsp;oraz&nbsp;natryskowe&nbsp;agregatem hydrodynamicznym. Wi\u0119cej na temat&nbsp;malowania natryskowego&nbsp;mo\u017cna dowiedzie\u0107 si\u0119 odwiedzaj\u0105c nasze kolejne podstrony. Malarz Warszawa oferuje us\u0142ugi malarskie: Mieszka\u0144, dom\u00f3w, obiekt\u00f3wWi\u0119cej oMalowanie \u015bcian Warszawa[...]\" \/>\n<meta property=\"og:url\" content=\"https:\/\/malowanieremonty.pl\/index.php\/malowanie-scian-warszawa\/\" \/>\n<meta property=\"og:site_name\" content=\"Us\u0142ugi Remontowe\" \/>\n<meta property=\"article:modified_time\" content=\"2019-09-18T20:20:39+00:00\" \/>\n<meta property=\"og:image\" content=\"http:\/\/malowanieremonty.pl\/wp-content\/uploads\/2019\/09\/malowanie-scian-warszawa-51235059.jpg\" \/>\n<meta name=\"twitter:card\" content=\"summary_large_image\" \/>\n<meta name=\"twitter:label1\" content=\"Szacowany czas czytania\" \/>\n\t<meta name=\"twitter:data1\" content=\"1 minuta\" \/>\n<script type=\"application\/ld+json\" class=\"yoast-schema-graph\">{\"@context\":\"https:\\\/\\\/schema.org\",\"@graph\":[{\"@type\":\"WebPage\",\"@id\":\"https:\\\/\\\/malowanieremonty.pl\\\/index.php\\\/malowanie-scian-warszawa\\\/\",\"url\":\"https:\\\/\\\/malowanieremonty.pl\\\/index.php\\\/malowanie-scian-warszawa\\\/\",\"name\":\"Malowanie \u015bcian Warszawa - Us\u0142ugi Remontowe\",\"isPartOf\":{\"@id\":\"https:\\\/\\\/malowanieremonty.pl\\\/#website\"},\"primaryImageOfPage\":{\"@id\":\"https:\\\/\\\/malowanieremonty.pl\\\/index.php\\\/malowanie-scian-warszawa\\\/#primaryimage\"},\"image\":{\"@id\":\"https:\\\/\\\/malowanieremonty.pl\\\/index.php\\\/malowanie-scian-warszawa\\\/#primaryimage\"},\"thumbnailUrl\":\"http:\\\/\\\/malowanieremonty.pl\\\/wp-content\\\/uploads\\\/2019\\\/09\\\/malowanie-scian-warszawa-51235059.jpg\",\"datePublished\":\"2019-09-07T18:58:50+00:00\",\"dateModified\":\"2019-09-18T20:20:39+00:00\",\"breadcrumb\":{\"@id\":\"https:\\\/\\\/malowanieremonty.pl\\\/index.php\\\/malowanie-scian-warszawa\\\/#breadcrumb\"},\"inLanguage\":\"pl-PL\",\"potentialAction\":[{\"@type\":\"ReadAction\",\"target\":[\"https:\\\/\\\/malowanieremonty.pl\\\/index.php\\\/malowanie-scian-warszawa\\\/\"]}]},{\"@type\":\"ImageObject\",\"inLanguage\":\"pl-PL\",\"@id\":\"https:\\\/\\\/malowanieremonty.pl\\\/index.php\\\/malowanie-scian-warszawa\\\/#primaryimage\",\"url\":\"https:\\\/\\\/malowanieremonty.pl\\\/wp-content\\\/uploads\\\/2019\\\/09\\\/malowanie-scian-warszawa-51235059.jpg\",\"contentUrl\":\"https:\\\/\\\/malowanieremonty.pl\\\/wp-content\\\/uploads\\\/2019\\\/09\\\/malowanie-scian-warszawa-51235059.jpg\",\"width\":283,\"height\":424,\"caption\":\"One male house painter worker painting and priming wall with painting roller\"},{\"@type\":\"BreadcrumbList\",\"@id\":\"https:\\\/\\\/malowanieremonty.pl\\\/index.php\\\/malowanie-scian-warszawa\\\/#breadcrumb\",\"itemListElement\":[{\"@type\":\"ListItem\",\"position\":1,\"name\":\"Strona g\u0142\u00f3wna\",\"item\":\"https:\\\/\\\/malowanieremonty.pl\\\/\"},{\"@type\":\"ListItem\",\"position\":2,\"name\":\"Malowanie \u015bcian Warszawa\"}]},{\"@type\":\"WebSite\",\"@id\":\"https:\\\/\\\/malowanieremonty.pl\\\/#website\",\"url\":\"https:\\\/\\\/malowanieremonty.pl\\\/\",\"name\":\"Us\u0142ugi Remontowe\",\"description\":\"Remonty - Malowanie, Tapetowanie...\",\"potentialAction\":[{\"@type\":\"SearchAction\",\"target\":{\"@type\":\"EntryPoint\",\"urlTemplate\":\"https:\\\/\\\/malowanieremonty.pl\\\/?s={search_term_string}\"},\"query-input\":{\"@type\":\"PropertyValueSpecification\",\"valueRequired\":true,\"valueName\":\"search_term_string\"}}],\"inLanguage\":\"pl-PL\"}]}<\/script>\n<!-- \/ Yoast SEO plugin. -->","yoast_head_json":{"title":"Malowanie \u015bcian Warszawa - Us\u0142ugi Remontowe","robots":{"index":"index","follow":"follow","max-snippet":"max-snippet:-1","max-image-preview":"max-image-preview:large","max-video-preview":"max-video-preview:-1"},"canonical":"https:\/\/malowanieremonty.pl\/index.php\/malowanie-scian-warszawa\/","og_locale":"pl_PL","og_type":"article","og_title":"Malowanie \u015bcian Warszawa - Us\u0142ugi Remontowe","og_description":"Oferuj\u0119 kompleksowe&nbsp;us\u0142ugi malarskie&nbsp;w m.st.&nbsp;Warszawa&nbsp;oraz wojew\u00f3dztwie mazowieckim ka\u017cde zlecenie staram si\u0119 wykona\u0107, zgodnie z wymaganiami&nbsp; i oczekiwaniami&nbsp; klienta Ostateczny efekt realizacji prac&nbsp;remontowo- malarskich&nbsp;zale\u017cy g\u0142\u00f3wnie od: rodzaju&nbsp;farb producenta&nbsp;farb ale tak\u017ce wyboru firmy, kt\u00f3ra wykona&nbsp;malowanie \u015bcian- Warszawa. Oferuj\u0119&nbsp;malowanie tradycyjne&nbsp;oraz&nbsp;natryskowe&nbsp;agregatem hydrodynamicznym. Wi\u0119cej na temat&nbsp;malowania natryskowego&nbsp;mo\u017cna dowiedzie\u0107 si\u0119 odwiedzaj\u0105c nasze kolejne podstrony. Malarz Warszawa oferuje us\u0142ugi malarskie: Mieszka\u0144, dom\u00f3w, obiekt\u00f3wWi\u0119cej oMalowanie \u015bcian Warszawa[...]","og_url":"https:\/\/malowanieremonty.pl\/index.php\/malowanie-scian-warszawa\/","og_site_name":"Us\u0142ugi Remontowe","article_modified_time":"2019-09-18T20:20:39+00:00","og_image":[{"url":"http:\/\/malowanieremonty.pl\/wp-content\/uploads\/2019\/09\/malowanie-scian-warszawa-51235059.jpg","type":"","width":"","height":""}],"twitter_card":"summary_large_image","twitter_misc":{"Szacowany czas czytania":"1 minuta"},"schema":{"@context":"https:\/\/schema.org","@graph":[{"@type":"WebPage","@id":"https:\/\/malowanieremonty.pl\/index.php\/malowanie-scian-warszawa\/","url":"https:\/\/malowanieremonty.pl\/index.php\/malowanie-scian-warszawa\/","name":"Malowanie \u015bcian Warszawa - Us\u0142ugi Remontowe","isPartOf":{"@id":"https:\/\/malowanieremonty.pl\/#website"},"primaryImageOfPage":{"@id":"https:\/\/malowanieremonty.pl\/index.php\/malowanie-scian-warszawa\/#primaryimage"},"image":{"@id":"https:\/\/malowanieremonty.pl\/index.php\/malowanie-scian-warszawa\/#primaryimage"},"thumbnailUrl":"http:\/\/malowanieremonty.pl\/wp-content\/uploads\/2019\/09\/malowanie-scian-warszawa-51235059.jpg","datePublished":"2019-09-07T18:58:50+00:00","dateModified":"2019-09-18T20:20:39+00:00","breadcrumb":{"@id":"https:\/\/malowanieremonty.pl\/index.php\/malowanie-scian-warszawa\/#breadcrumb"},"inLanguage":"pl-PL","potentialAction":[{"@type":"ReadAction","target":["https:\/\/malowanieremonty.pl\/index.php\/malowanie-scian-warszawa\/"]}]},{"@type":"ImageObject","inLanguage":"pl-PL","@id":"https:\/\/malowanieremonty.pl\/index.php\/malowanie-scian-warszawa\/#primaryimage","url":"https:\/\/malowanieremonty.pl\/wp-content\/uploads\/2019\/09\/malowanie-scian-warszawa-51235059.jpg","contentUrl":"https:\/\/malowanieremonty.pl\/wp-content\/uploads\/2019\/09\/malowanie-scian-warszawa-51235059.jpg","width":283,"height":424,"caption":"One male house painter worker painting and priming wall with painting roller"},{"@type":"BreadcrumbList","@id":"https:\/\/malowanieremonty.pl\/index.php\/malowanie-scian-warszawa\/#breadcrumb","itemListElement":[{"@type":"ListItem","position":1,"name":"Strona g\u0142\u00f3wna","item":"https:\/\/malowanieremonty.pl\/"},{"@type":"ListItem","position":2,"name":"Malowanie \u015bcian Warszawa"}]},{"@type":"WebSite","@id":"https:\/\/malowanieremonty.pl\/#website","url":"https:\/\/malowanieremonty.pl\/","name":"Us\u0142ugi Remontowe","description":"Remonty - Malowanie, Tapetowanie...","potentialAction":[{"@type":"SearchAction","target":{"@type":"EntryPoint","urlTemplate":"https:\/\/malowanieremonty.pl\/?s={search_term_string}"},"query-input":{"@type":"PropertyValueSpecification","valueRequired":true,"valueName":"search_term_string"}}],"inLanguage":"pl-PL"}]}},"_links":{"self":[{"href":"https:\/\/malowanieremonty.pl\/index.php\/wp-json\/wp\/v2\/pages\/190","targetHints":{"allow":["GET"]}}],"collection":[{"href":"https:\/\/malowanieremonty.pl\/index.php\/wp-json\/wp\/v2\/pages"}],"about":[{"href":"https:\/\/malowanieremonty.pl\/index.php\/wp-json\/wp\/v2\/types\/page"}],"author":[{"embeddable":true,"href":"https:\/\/malowanieremonty.pl\/index.php\/wp-json\/wp\/v2\/users\/1"}],"replies":[{"embeddable":true,"href":"https:\/\/malowanieremonty.pl\/index.php\/wp-json\/wp\/v2\/comments?post=190"}],"version-history":[{"count":2,"href":"https:\/\/malowanieremonty.pl\/index.php\/wp-json\/wp\/v2\/pages\/190\/revisions"}],"predecessor-version":[{"id":246,"href":"https:\/\/malowanieremonty.pl\/index.php\/wp-json\/wp\/v2\/pages\/190\/revisions\/246"}],"wp:attachment":[{"href":"https:\/\/malowanieremonty.pl\/index.php\/wp-json\/wp\/v2\/media?parent=190"}],"curies":[{"name":"wp","href":"https:\/\/api.w.org\/{rel}","templated":true}]}}