{"id":185,"date":"2019-09-07T20:39:24","date_gmt":"2019-09-07T18:39:24","guid":{"rendered":"http:\/\/malowanieremonty.pl\/?page_id=185"},"modified":"2019-09-07T20:50:17","modified_gmt":"2019-09-07T18:50:17","slug":"malowanie-dachow","status":"publish","type":"page","link":"https:\/\/malowanieremonty.pl\/index.php\/malowanie-dachow\/","title":{"rendered":"Malowanie dach\u00f3w Warszawa"},"content":{"rendered":"\n<div class=\"wp-block-image\"><figure class=\"alignleft is-resized\"><img loading=\"lazy\" decoding=\"async\" src=\"https:\/\/malowanieremonty.pl\/wp-content\/uploads\/2019\/09\/malowanie-dachow-warszawa-45405573.jpg\" alt=\"\" class=\"wp-image-35\" width=\"250\" height=\"188\" srcset=\"https:\/\/malowanieremonty.pl\/wp-content\/uploads\/2019\/09\/malowanie-dachow-warszawa-45405573.jpg 400w, https:\/\/malowanieremonty.pl\/wp-content\/uploads\/2019\/09\/malowanie-dachow-warszawa-45405573-300x225.jpg 300w\" sizes=\"auto, (max-width: 250px) 100vw, 250px\" \/><\/figure><\/div>\n\n\n\n<p> Moja kolejna specjalizacja to\u00a0<strong>malowanie dach\u00f3w<\/strong>\u00a0przy u\u017cyciu agregatu\u00a0hydrodynamicznego.<\/p>\n\n\n\n<p> \u00a0Us\u0142uga malowania dotyczy wszystkich rodzaj\u00f3w dach\u00f3w:<\/p>\n\n\n\n<ul class=\"wp-block-list\"><li> z\u00a0<strong>blachy<\/strong>\u00a0ocynkowanej, stali, aluminium <\/li><li> z\u00a0<strong>blacho- dach\u00f3wk<\/strong>i, dach\u00f3wki cementowej, <\/li><li> impregnacja oraz mycie. <\/li><\/ul>\n\n\n\n<h4 class=\"wp-block-heading\"> <strong>G\u0142\u00f3wne zalety malowania hydrodynamicznego<\/strong><\/h4>\n\n\n\n<ul class=\"wp-block-list\"><li> \u00a0<strong>Malowanie natryskowe<\/strong>\u00a0bez u\u017cycia powietrza\u00a0 <\/li><li> \u00a0Minimalne straty materia\u0142u <\/li><li> \u00a0<em>Malowanie<\/em>\u00a0farbami o du\u017cej lepko\u015bci \u00a0\u00a0 <\/li><li> \u00a0Precyzja oraz szybko\u015b\u0107 malowania\u00a0 <\/li><\/ul>\n\n\n\n<h4 class=\"wp-block-heading\"> <strong>Etapy rob\u00f3t (ocena, mycie, usuwanie korozji, odt\u0142uszczenie, malowanie natryskowe)- Warszawa<\/strong><\/h4>\n\n\n\n<p>\n1.&nbsp;<strong>Ocena\nstanu<\/strong>&nbsp;\npow\u0142oki, dob\u00f3r odpowiedniego materia\u0142u farby do istniej\u0105cego\npod\u0142o\u017ca,<\/p>\n\n\n\n<p>\n2.&nbsp;<strong>Mycie\npowierzchni<\/strong>&nbsp;\ndachu &nbsp;z u\u017cyciem myjki ci\u015bnieniowej usuwanie zabrudze\u0144&nbsp;\nmiejskich mchu, porost\u00f3w oraz&nbsp; lu\u017anych pow\u0142ok malarskich,<\/p>\n\n\n\n<p>\n3.\nMechaniczne&nbsp;<strong>usuwanie\nognisk korozji<\/strong>,<\/p>\n\n\n\n<p>\n4.&nbsp;<strong>Zabezpieczenie\nfarb\u0105<\/strong>&nbsp;antykorozyjn\u0105&nbsp;\nmiejsc skorodowanych, oraz zmycie powierzchni myjk\u0105 ci\u015bnieniow\u0105,<\/p>\n\n\n\n<p>\n5.&nbsp;<strong>Odt\u0142uszczanie<\/strong>&nbsp;powierzchni\ndachu z u\u017cyciem specjalnego \u015brodka odt\u0142uszczaj\u0105cego,<\/p>\n\n\n\n<p> 6.\u00a0<em>Malowanie natryskowe<\/em>\u00a0dachu natryskiem hydrodynamicznym.<\/p>\n\n\n\n<div class=\"wp-block-image\"><figure class=\"alignleft is-resized\"><img loading=\"lazy\" decoding=\"async\" src=\"https:\/\/malowanieremonty.pl\/wp-content\/uploads\/2019\/09\/malowanie-natryskowe-warszawa-8499682.jpg\" alt=\"\" class=\"wp-image-36\" width=\"304\" height=\"228\" srcset=\"https:\/\/malowanieremonty.pl\/wp-content\/uploads\/2019\/09\/malowanie-natryskowe-warszawa-8499682.jpg 400w, https:\/\/malowanieremonty.pl\/wp-content\/uploads\/2019\/09\/malowanie-natryskowe-warszawa-8499682-300x225.jpg 300w\" sizes=\"auto, (max-width: 304px) 100vw, 304px\" \/><\/figure><\/div>\n\n\n\n<h4 class=\"wp-block-heading\"> <strong>Oszacowanie koszt\u00f3w malowania dachu zwi\u0105zane jest z:<\/strong><\/h4>\n\n\n\n<ul class=\"wp-block-list\"><li> uprzednio zastosowan\u0105 pow\u0142oka malarsk\u0105 <\/li><li> stopniem utrudnienia <\/li><li> ilo\u015bci\u0105 ognisk korozji <\/li><li> \u00a0wielko\u015bci\u0105 powierzchni <\/li><\/ul>\n\n\n\n<p><em> \u00a0Us\u0142ugi \u015bwiadczone s\u0105 w m.st.\u00a0<\/em><strong><em>Warszawa<\/em><\/strong><em>\u00a0oraz okolicach<\/em>.<\/p>\n","protected":false},"excerpt":{"rendered":"<p>Moja kolejna specjalizacja to\u00a0malowanie dach\u00f3w\u00a0przy u\u017cyciu agregatu\u00a0hydrodynamicznego. \u00a0Us\u0142uga malowania dotyczy wszystkich rodzaj\u00f3w dach\u00f3w: z\u00a0blachy\u00a0ocynkowanej, stali, aluminium z\u00a0blacho- dach\u00f3wki, dach\u00f3wki cementowej, impregnacja oraz mycie. G\u0142\u00f3wne zalety malowania hydrodynamicznego \u00a0Malowanie natryskowe\u00a0bez u\u017cycia powietrza\u00a0 \u00a0Minimalne straty materia\u0142u \u00a0Malowanie\u00a0farbami o du\u017cej lepko\u015bci \u00a0\u00a0 \u00a0Precyzja oraz szybko\u015b\u0107 malowania\u00a0 Etapy rob\u00f3t (ocena, mycie, usuwanie korozji, odt\u0142uszczenie, malowanie natryskowe)- Warszawa 1.&nbsp;Ocena stanu&nbsp;<a class=\"moretag\" href=\"https:\/\/malowanieremonty.pl\/index.php\/malowanie-dachow\/\"><span class=\"screen-reader-text\">Wi\u0119cej oMalowanie dach\u00f3w Warszawa<\/span>[&#8230;]<\/a><\/p>\n","protected":false},"author":1,"featured_media":0,"parent":0,"menu_order":0,"comment_status":"closed","ping_status":"closed","template":"","meta":{"footnotes":""},"class_list":["post-185","page","type-page","status-publish","hentry"],"yoast_head":"<!-- This site is optimized with the Yoast SEO plugin v27.4 - https:\/\/yoast.com\/product\/yoast-seo-wordpress\/ -->\n<title>Malowanie dach\u00f3w Warszawa - Us\u0142ugi Remontowe<\/title>\n<meta name=\"robots\" content=\"index, follow, max-snippet:-1, max-image-preview:large, max-video-preview:-1\" \/>\n<link rel=\"canonical\" href=\"https:\/\/malowanieremonty.pl\/index.php\/malowanie-dachow\/\" \/>\n<meta property=\"og:locale\" content=\"pl_PL\" \/>\n<meta property=\"og:type\" content=\"article\" \/>\n<meta property=\"og:title\" content=\"Malowanie dach\u00f3w Warszawa - Us\u0142ugi Remontowe\" \/>\n<meta property=\"og:description\" content=\"Moja kolejna specjalizacja to\u00a0malowanie dach\u00f3w\u00a0przy u\u017cyciu agregatu\u00a0hydrodynamicznego. \u00a0Us\u0142uga malowania dotyczy wszystkich rodzaj\u00f3w dach\u00f3w: z\u00a0blachy\u00a0ocynkowanej, stali, aluminium z\u00a0blacho- dach\u00f3wki, dach\u00f3wki cementowej, impregnacja oraz mycie. G\u0142\u00f3wne zalety malowania hydrodynamicznego \u00a0Malowanie natryskowe\u00a0bez u\u017cycia powietrza\u00a0 \u00a0Minimalne straty materia\u0142u \u00a0Malowanie\u00a0farbami o du\u017cej lepko\u015bci \u00a0\u00a0 \u00a0Precyzja oraz szybko\u015b\u0107 malowania\u00a0 Etapy rob\u00f3t (ocena, mycie, usuwanie korozji, odt\u0142uszczenie, malowanie natryskowe)- Warszawa 1.&nbsp;Ocena stanu&nbsp;Wi\u0119cej oMalowanie dach\u00f3w Warszawa[...]\" \/>\n<meta property=\"og:url\" content=\"https:\/\/malowanieremonty.pl\/index.php\/malowanie-dachow\/\" \/>\n<meta property=\"og:site_name\" content=\"Us\u0142ugi Remontowe\" \/>\n<meta property=\"article:modified_time\" content=\"2019-09-07T18:50:17+00:00\" \/>\n<meta property=\"og:image\" content=\"http:\/\/malowanieremonty.pl\/wp-content\/uploads\/2019\/09\/malowanie-dachow-warszawa-45405573.jpg\" \/>\n<meta name=\"twitter:card\" content=\"summary_large_image\" \/>\n<meta name=\"twitter:label1\" content=\"Szacowany czas czytania\" \/>\n\t<meta name=\"twitter:data1\" content=\"1 minuta\" \/>\n<script type=\"application\/ld+json\" class=\"yoast-schema-graph\">{\"@context\":\"https:\\\/\\\/schema.org\",\"@graph\":[{\"@type\":\"WebPage\",\"@id\":\"https:\\\/\\\/malowanieremonty.pl\\\/index.php\\\/malowanie-dachow\\\/\",\"url\":\"https:\\\/\\\/malowanieremonty.pl\\\/index.php\\\/malowanie-dachow\\\/\",\"name\":\"Malowanie dach\u00f3w Warszawa - Us\u0142ugi Remontowe\",\"isPartOf\":{\"@id\":\"https:\\\/\\\/malowanieremonty.pl\\\/#website\"},\"primaryImageOfPage\":{\"@id\":\"https:\\\/\\\/malowanieremonty.pl\\\/index.php\\\/malowanie-dachow\\\/#primaryimage\"},\"image\":{\"@id\":\"https:\\\/\\\/malowanieremonty.pl\\\/index.php\\\/malowanie-dachow\\\/#primaryimage\"},\"thumbnailUrl\":\"http:\\\/\\\/malowanieremonty.pl\\\/wp-content\\\/uploads\\\/2019\\\/09\\\/malowanie-dachow-warszawa-45405573.jpg\",\"datePublished\":\"2019-09-07T18:39:24+00:00\",\"dateModified\":\"2019-09-07T18:50:17+00:00\",\"breadcrumb\":{\"@id\":\"https:\\\/\\\/malowanieremonty.pl\\\/index.php\\\/malowanie-dachow\\\/#breadcrumb\"},\"inLanguage\":\"pl-PL\",\"potentialAction\":[{\"@type\":\"ReadAction\",\"target\":[\"https:\\\/\\\/malowanieremonty.pl\\\/index.php\\\/malowanie-dachow\\\/\"]}]},{\"@type\":\"ImageObject\",\"inLanguage\":\"pl-PL\",\"@id\":\"https:\\\/\\\/malowanieremonty.pl\\\/index.php\\\/malowanie-dachow\\\/#primaryimage\",\"url\":\"https:\\\/\\\/malowanieremonty.pl\\\/wp-content\\\/uploads\\\/2019\\\/09\\\/malowanie-dachow-warszawa-45405573.jpg\",\"contentUrl\":\"https:\\\/\\\/malowanieremonty.pl\\\/wp-content\\\/uploads\\\/2019\\\/09\\\/malowanie-dachow-warszawa-45405573.jpg\",\"width\":400,\"height\":300},{\"@type\":\"BreadcrumbList\",\"@id\":\"https:\\\/\\\/malowanieremonty.pl\\\/index.php\\\/malowanie-dachow\\\/#breadcrumb\",\"itemListElement\":[{\"@type\":\"ListItem\",\"position\":1,\"name\":\"Strona g\u0142\u00f3wna\",\"item\":\"https:\\\/\\\/malowanieremonty.pl\\\/\"},{\"@type\":\"ListItem\",\"position\":2,\"name\":\"Malowanie dach\u00f3w Warszawa\"}]},{\"@type\":\"WebSite\",\"@id\":\"https:\\\/\\\/malowanieremonty.pl\\\/#website\",\"url\":\"https:\\\/\\\/malowanieremonty.pl\\\/\",\"name\":\"Us\u0142ugi Remontowe\",\"description\":\"Remonty - Malowanie, Tapetowanie...\",\"potentialAction\":[{\"@type\":\"SearchAction\",\"target\":{\"@type\":\"EntryPoint\",\"urlTemplate\":\"https:\\\/\\\/malowanieremonty.pl\\\/?s={search_term_string}\"},\"query-input\":{\"@type\":\"PropertyValueSpecification\",\"valueRequired\":true,\"valueName\":\"search_term_string\"}}],\"inLanguage\":\"pl-PL\"}]}<\/script>\n<!-- \/ Yoast SEO plugin. -->","yoast_head_json":{"title":"Malowanie dach\u00f3w Warszawa - Us\u0142ugi Remontowe","robots":{"index":"index","follow":"follow","max-snippet":"max-snippet:-1","max-image-preview":"max-image-preview:large","max-video-preview":"max-video-preview:-1"},"canonical":"https:\/\/malowanieremonty.pl\/index.php\/malowanie-dachow\/","og_locale":"pl_PL","og_type":"article","og_title":"Malowanie dach\u00f3w Warszawa - Us\u0142ugi Remontowe","og_description":"Moja kolejna specjalizacja to\u00a0malowanie dach\u00f3w\u00a0przy u\u017cyciu agregatu\u00a0hydrodynamicznego. \u00a0Us\u0142uga malowania dotyczy wszystkich rodzaj\u00f3w dach\u00f3w: z\u00a0blachy\u00a0ocynkowanej, stali, aluminium z\u00a0blacho- dach\u00f3wki, dach\u00f3wki cementowej, impregnacja oraz mycie. G\u0142\u00f3wne zalety malowania hydrodynamicznego \u00a0Malowanie natryskowe\u00a0bez u\u017cycia powietrza\u00a0 \u00a0Minimalne straty materia\u0142u \u00a0Malowanie\u00a0farbami o du\u017cej lepko\u015bci \u00a0\u00a0 \u00a0Precyzja oraz szybko\u015b\u0107 malowania\u00a0 Etapy rob\u00f3t (ocena, mycie, usuwanie korozji, odt\u0142uszczenie, malowanie natryskowe)- Warszawa 1.&nbsp;Ocena stanu&nbsp;Wi\u0119cej oMalowanie dach\u00f3w Warszawa[...]","og_url":"https:\/\/malowanieremonty.pl\/index.php\/malowanie-dachow\/","og_site_name":"Us\u0142ugi Remontowe","article_modified_time":"2019-09-07T18:50:17+00:00","og_image":[{"url":"http:\/\/malowanieremonty.pl\/wp-content\/uploads\/2019\/09\/malowanie-dachow-warszawa-45405573.jpg","type":"","width":"","height":""}],"twitter_card":"summary_large_image","twitter_misc":{"Szacowany czas czytania":"1 minuta"},"schema":{"@context":"https:\/\/schema.org","@graph":[{"@type":"WebPage","@id":"https:\/\/malowanieremonty.pl\/index.php\/malowanie-dachow\/","url":"https:\/\/malowanieremonty.pl\/index.php\/malowanie-dachow\/","name":"Malowanie dach\u00f3w Warszawa - Us\u0142ugi Remontowe","isPartOf":{"@id":"https:\/\/malowanieremonty.pl\/#website"},"primaryImageOfPage":{"@id":"https:\/\/malowanieremonty.pl\/index.php\/malowanie-dachow\/#primaryimage"},"image":{"@id":"https:\/\/malowanieremonty.pl\/index.php\/malowanie-dachow\/#primaryimage"},"thumbnailUrl":"http:\/\/malowanieremonty.pl\/wp-content\/uploads\/2019\/09\/malowanie-dachow-warszawa-45405573.jpg","datePublished":"2019-09-07T18:39:24+00:00","dateModified":"2019-09-07T18:50:17+00:00","breadcrumb":{"@id":"https:\/\/malowanieremonty.pl\/index.php\/malowanie-dachow\/#breadcrumb"},"inLanguage":"pl-PL","potentialAction":[{"@type":"ReadAction","target":["https:\/\/malowanieremonty.pl\/index.php\/malowanie-dachow\/"]}]},{"@type":"ImageObject","inLanguage":"pl-PL","@id":"https:\/\/malowanieremonty.pl\/index.php\/malowanie-dachow\/#primaryimage","url":"https:\/\/malowanieremonty.pl\/wp-content\/uploads\/2019\/09\/malowanie-dachow-warszawa-45405573.jpg","contentUrl":"https:\/\/malowanieremonty.pl\/wp-content\/uploads\/2019\/09\/malowanie-dachow-warszawa-45405573.jpg","width":400,"height":300},{"@type":"BreadcrumbList","@id":"https:\/\/malowanieremonty.pl\/index.php\/malowanie-dachow\/#breadcrumb","itemListElement":[{"@type":"ListItem","position":1,"name":"Strona g\u0142\u00f3wna","item":"https:\/\/malowanieremonty.pl\/"},{"@type":"ListItem","position":2,"name":"Malowanie dach\u00f3w Warszawa"}]},{"@type":"WebSite","@id":"https:\/\/malowanieremonty.pl\/#website","url":"https:\/\/malowanieremonty.pl\/","name":"Us\u0142ugi Remontowe","description":"Remonty - Malowanie, Tapetowanie...","potentialAction":[{"@type":"SearchAction","target":{"@type":"EntryPoint","urlTemplate":"https:\/\/malowanieremonty.pl\/?s={search_term_string}"},"query-input":{"@type":"PropertyValueSpecification","valueRequired":true,"valueName":"search_term_string"}}],"inLanguage":"pl-PL"}]}},"_links":{"self":[{"href":"https:\/\/malowanieremonty.pl\/index.php\/wp-json\/wp\/v2\/pages\/185","targetHints":{"allow":["GET"]}}],"collection":[{"href":"https:\/\/malowanieremonty.pl\/index.php\/wp-json\/wp\/v2\/pages"}],"about":[{"href":"https:\/\/malowanieremonty.pl\/index.php\/wp-json\/wp\/v2\/types\/page"}],"author":[{"embeddable":true,"href":"https:\/\/malowanieremonty.pl\/index.php\/wp-json\/wp\/v2\/users\/1"}],"replies":[{"embeddable":true,"href":"https:\/\/malowanieremonty.pl\/index.php\/wp-json\/wp\/v2\/comments?post=185"}],"version-history":[{"count":2,"href":"https:\/\/malowanieremonty.pl\/index.php\/wp-json\/wp\/v2\/pages\/185\/revisions"}],"predecessor-version":[{"id":189,"href":"https:\/\/malowanieremonty.pl\/index.php\/wp-json\/wp\/v2\/pages\/185\/revisions\/189"}],"wp:attachment":[{"href":"https:\/\/malowanieremonty.pl\/index.php\/wp-json\/wp\/v2\/media?parent=185"}],"curies":[{"name":"wp","href":"https:\/\/api.w.org\/{rel}","templated":true}]}}