{"id":12,"date":"2019-09-07T15:53:45","date_gmt":"2019-09-07T13:53:45","guid":{"rendered":"http:\/\/malowanieremonty.pl\/?page_id=12"},"modified":"2023-05-17T16:29:00","modified_gmt":"2023-05-17T14:29:00","slug":"cennik","status":"publish","type":"page","link":"https:\/\/malowanieremonty.pl\/index.php\/cennik\/","title":{"rendered":"Cennik"},"content":{"rendered":"\n<h4 class=\"wp-block-heading\"> <strong>Cennik na us\u0142ugi remontowo-malarskie Warszawa<\/strong><\/h4>\n\n\n\n<p class=\"has-text-align-left\">Szczeg\u00f3\u0142owy\u00a0 kosztorys\u00a0 sporz\u0105dzam na \u017cyczenie, klienta, po zapoznaniu si\u0119 z zakresem prac. <\/p>\n\n\n\n<p><\/p>\n","protected":false},"excerpt":{"rendered":"<p>Cennik na us\u0142ugi remontowo-malarskie Warszawa Szczeg\u00f3\u0142owy\u00a0 kosztorys\u00a0 sporz\u0105dzam na \u017cyczenie, klienta, po zapoznaniu si\u0119 z zakresem prac.<\/p>\n","protected":false},"author":1,"featured_media":0,"parent":0,"menu_order":0,"comment_status":"closed","ping_status":"closed","template":"","meta":{"footnotes":""},"class_list":["post-12","page","type-page","status-publish","hentry"],"yoast_head":"<!-- This site is optimized with the Yoast SEO plugin v27.4 - https:\/\/yoast.com\/product\/yoast-seo-wordpress\/ -->\n<title>Cennik - Us\u0142ugi Remontowe<\/title>\n<meta name=\"robots\" content=\"index, follow, max-snippet:-1, max-image-preview:large, max-video-preview:-1\" \/>\n<link rel=\"canonical\" href=\"https:\/\/malowanieremonty.pl\/index.php\/cennik\/\" \/>\n<meta property=\"og:locale\" content=\"pl_PL\" \/>\n<meta property=\"og:type\" content=\"article\" \/>\n<meta property=\"og:title\" content=\"Cennik - Us\u0142ugi Remontowe\" \/>\n<meta property=\"og:description\" content=\"Cennik na us\u0142ugi remontowo-malarskie Warszawa Szczeg\u00f3\u0142owy\u00a0 kosztorys\u00a0 sporz\u0105dzam na \u017cyczenie, klienta, po zapoznaniu si\u0119 z zakresem prac.\" \/>\n<meta property=\"og:url\" content=\"https:\/\/malowanieremonty.pl\/index.php\/cennik\/\" \/>\n<meta property=\"og:site_name\" content=\"Us\u0142ugi Remontowe\" \/>\n<meta property=\"article:modified_time\" content=\"2023-05-17T14:29:00+00:00\" \/>\n<meta name=\"twitter:card\" content=\"summary_large_image\" \/>\n<meta name=\"twitter:label1\" content=\"Szacowany czas czytania\" \/>\n\t<meta name=\"twitter:data1\" content=\"1 minuta\" \/>\n<script type=\"application\/ld+json\" class=\"yoast-schema-graph\">{\"@context\":\"https:\\\/\\\/schema.org\",\"@graph\":[{\"@type\":\"WebPage\",\"@id\":\"https:\\\/\\\/malowanieremonty.pl\\\/index.php\\\/cennik\\\/\",\"url\":\"https:\\\/\\\/malowanieremonty.pl\\\/index.php\\\/cennik\\\/\",\"name\":\"Cennik - Us\u0142ugi Remontowe\",\"isPartOf\":{\"@id\":\"https:\\\/\\\/malowanieremonty.pl\\\/#website\"},\"datePublished\":\"2019-09-07T13:53:45+00:00\",\"dateModified\":\"2023-05-17T14:29:00+00:00\",\"breadcrumb\":{\"@id\":\"https:\\\/\\\/malowanieremonty.pl\\\/index.php\\\/cennik\\\/#breadcrumb\"},\"inLanguage\":\"pl-PL\",\"potentialAction\":[{\"@type\":\"ReadAction\",\"target\":[\"https:\\\/\\\/malowanieremonty.pl\\\/index.php\\\/cennik\\\/\"]}]},{\"@type\":\"BreadcrumbList\",\"@id\":\"https:\\\/\\\/malowanieremonty.pl\\\/index.php\\\/cennik\\\/#breadcrumb\",\"itemListElement\":[{\"@type\":\"ListItem\",\"position\":1,\"name\":\"Strona g\u0142\u00f3wna\",\"item\":\"https:\\\/\\\/malowanieremonty.pl\\\/\"},{\"@type\":\"ListItem\",\"position\":2,\"name\":\"Cennik\"}]},{\"@type\":\"WebSite\",\"@id\":\"https:\\\/\\\/malowanieremonty.pl\\\/#website\",\"url\":\"https:\\\/\\\/malowanieremonty.pl\\\/\",\"name\":\"Us\u0142ugi Remontowe\",\"description\":\"Remonty - Malowanie, Tapetowanie...\",\"potentialAction\":[{\"@type\":\"SearchAction\",\"target\":{\"@type\":\"EntryPoint\",\"urlTemplate\":\"https:\\\/\\\/malowanieremonty.pl\\\/?s={search_term_string}\"},\"query-input\":{\"@type\":\"PropertyValueSpecification\",\"valueRequired\":true,\"valueName\":\"search_term_string\"}}],\"inLanguage\":\"pl-PL\"}]}<\/script>\n<!-- \/ Yoast SEO plugin. -->","yoast_head_json":{"title":"Cennik - Us\u0142ugi Remontowe","robots":{"index":"index","follow":"follow","max-snippet":"max-snippet:-1","max-image-preview":"max-image-preview:large","max-video-preview":"max-video-preview:-1"},"canonical":"https:\/\/malowanieremonty.pl\/index.php\/cennik\/","og_locale":"pl_PL","og_type":"article","og_title":"Cennik - Us\u0142ugi Remontowe","og_description":"Cennik na us\u0142ugi remontowo-malarskie Warszawa Szczeg\u00f3\u0142owy\u00a0 kosztorys\u00a0 sporz\u0105dzam na \u017cyczenie, klienta, po zapoznaniu si\u0119 z zakresem prac.","og_url":"https:\/\/malowanieremonty.pl\/index.php\/cennik\/","og_site_name":"Us\u0142ugi Remontowe","article_modified_time":"2023-05-17T14:29:00+00:00","twitter_card":"summary_large_image","twitter_misc":{"Szacowany czas czytania":"1 minuta"},"schema":{"@context":"https:\/\/schema.org","@graph":[{"@type":"WebPage","@id":"https:\/\/malowanieremonty.pl\/index.php\/cennik\/","url":"https:\/\/malowanieremonty.pl\/index.php\/cennik\/","name":"Cennik - Us\u0142ugi Remontowe","isPartOf":{"@id":"https:\/\/malowanieremonty.pl\/#website"},"datePublished":"2019-09-07T13:53:45+00:00","dateModified":"2023-05-17T14:29:00+00:00","breadcrumb":{"@id":"https:\/\/malowanieremonty.pl\/index.php\/cennik\/#breadcrumb"},"inLanguage":"pl-PL","potentialAction":[{"@type":"ReadAction","target":["https:\/\/malowanieremonty.pl\/index.php\/cennik\/"]}]},{"@type":"BreadcrumbList","@id":"https:\/\/malowanieremonty.pl\/index.php\/cennik\/#breadcrumb","itemListElement":[{"@type":"ListItem","position":1,"name":"Strona g\u0142\u00f3wna","item":"https:\/\/malowanieremonty.pl\/"},{"@type":"ListItem","position":2,"name":"Cennik"}]},{"@type":"WebSite","@id":"https:\/\/malowanieremonty.pl\/#website","url":"https:\/\/malowanieremonty.pl\/","name":"Us\u0142ugi Remontowe","description":"Remonty - Malowanie, Tapetowanie...","potentialAction":[{"@type":"SearchAction","target":{"@type":"EntryPoint","urlTemplate":"https:\/\/malowanieremonty.pl\/?s={search_term_string}"},"query-input":{"@type":"PropertyValueSpecification","valueRequired":true,"valueName":"search_term_string"}}],"inLanguage":"pl-PL"}]}},"_links":{"self":[{"href":"https:\/\/malowanieremonty.pl\/index.php\/wp-json\/wp\/v2\/pages\/12","targetHints":{"allow":["GET"]}}],"collection":[{"href":"https:\/\/malowanieremonty.pl\/index.php\/wp-json\/wp\/v2\/pages"}],"about":[{"href":"https:\/\/malowanieremonty.pl\/index.php\/wp-json\/wp\/v2\/types\/page"}],"author":[{"embeddable":true,"href":"https:\/\/malowanieremonty.pl\/index.php\/wp-json\/wp\/v2\/users\/1"}],"replies":[{"embeddable":true,"href":"https:\/\/malowanieremonty.pl\/index.php\/wp-json\/wp\/v2\/comments?post=12"}],"version-history":[{"count":23,"href":"https:\/\/malowanieremonty.pl\/index.php\/wp-json\/wp\/v2\/pages\/12\/revisions"}],"predecessor-version":[{"id":308,"href":"https:\/\/malowanieremonty.pl\/index.php\/wp-json\/wp\/v2\/pages\/12\/revisions\/308"}],"wp:attachment":[{"href":"https:\/\/malowanieremonty.pl\/index.php\/wp-json\/wp\/v2\/media?parent=12"}],"curies":[{"name":"wp","href":"https:\/\/api.w.org\/{rel}","templated":true}]}}